{"id":33,"date":"2021-07-20T08:57:24","date_gmt":"2021-07-20T08:57:24","guid":{"rendered":"http:\/\/6551488469605.hostingkunde.de\/?page_id=33"},"modified":"2025-10-10T11:18:15","modified_gmt":"2025-10-10T11:18:15","slug":"imprint","status":"publish","type":"page","link":"https:\/\/pia-pontis.com\/de\/imprint\/","title":{"rendered":"Imprint"},"content":{"rendered":"<p><strong>PIA Pontis Institutional Advisors GmbH<\/strong><br \/>\nErika-Mann-Stra\u00dfe 7<br \/>\n80636 M\u00fcnchen<br \/>\nTelefon:\u00a0+49 89 122 2389 60<br \/>\nTelefax:\u00a0+49 89 122 2389 69<br \/>\nInternet: www.pia-pontis.com<br \/>\nSitz und Registergericht: M\u00fcnchen<br \/>\nHRB-Nr.: HRB 216340<br \/>\nUST-IdNr.: DE 299089119<\/p>\n<p>Gesch\u00e4ftsf\u00fchrer: David R\u00fcckel<\/p>\n<p>Erlaubnis nach \u00a734f Abs. 1, S. 1, Nr. 1<strong>, <\/strong>Nr. 2 und Nr. 3\u00a0Gewerbeordnung (GewO), \u00a734c Gewerbeordnung (GewO)<\/p>\n<p>Aufsichtsbeh\u00f6rde: Industrie- und Handelskammer f\u00fcr M\u00fcnchen und Oberbayern, Max-Joseph-Stra\u00dfe 2, 80333 M\u00fcnchen<br \/>\n\u200b<br \/>\nVermittlerregister: Registrierungs-Nr.: D-F-155-I1WB-02<br \/>\n\u200b<br \/>\nZust\u00e4ndige Berufskammer:\u00a0Industrie- und Handelskammer f\u00fcr M\u00fcnchen und Oberbayern, Max-Joseph-Stra\u00dfe 2, 80333 M\u00fcnchen,<br \/>\n\u200b<br \/>\nBerufliche Regelungen:<br \/>\n&#8211; \u00a734f Gewerbeordnung (GewO), \u00a734c Gewerbeordnung (GewO)<br \/>\n&#8211; Verordnung \u00fcber Finanzanlagenvermittlung (FinVermV)<br \/>\nDie berufsrechtlichen Regelungen k\u00f6nnen \u00fcber die vom Bundesministerium der Justiz und von der juris GmbH betriebenen Homepage\u00a0\u00a0eingesehen und abgerufen werden.<\/p>\n<p>\u200b<\/p>\n<p><strong>PIA Placement Advisory GmbH<\/strong><br \/>\nErika-Mann-Stra\u00dfe 7<br \/>\n80636 M\u00fcnchen<br \/>\nTelefon:\u00a0+49 89 122 2389 60<br \/>\nInternet: www.pia-pontis.com<br \/>\nSitz und Registergericht: M\u00fcnchen<br \/>\nHRB-Nr. HRB: 242618<br \/>\nUST-IdNr.: DE 321871780<\/p>\n<p>Gesch\u00e4ftsf\u00fchrer: David R\u00fcckel<\/p>\n<p>Die PIA Placement Advisory GmbH ist eine hundertprozentige Tochtergesellschaft der PIA Pontis Institutional Advisors GmbH. W\u00e4hrend die PIA Pontis als Finanzanlagevermittler nach \u00a734f GewO reguliert ist, erbringt die PIA Placement f\u00fcr Rechnung und unter der Haftung der AHP Capital Management GmbH Dienstleistungen in der Anlagevermittlung von Finanzinstrumenten im Sinne des \u00a7 2 Abs. 2 Nr. 3 des WpIG als vertraglich gebundener Vermittler (\u201eTied Agent\u201c). Link:\u00a0<a href=\"https:\/\/www.ahp-cm.com\/landing-pages\/lp-piapontis\/\">https:\/\/www.ahp-cm.com\/landing-pages\/lp-piapontis\/<\/a><\/p>\n<p>&nbsp;<\/p>\n<p><strong>Haftungshinweis<\/strong><br \/>\nDie Inhalte dieser Website wurden mit gr\u00f6\u00dftm\u00f6glicher Sorgfalt erstellt. Wir \u00fcbernehmen keine Haftung f\u00fcr die Inhalte externer Links. F\u00fcr den Inhalt der verlinkten Seiten sind ausschlie\u00dflich deren Betreiber verantwortlich.<\/p>\n<p>\u200b<br \/>\n<strong>Portrait Photography<\/strong><br \/>\n\u00a9blende11 Fotografen<\/p>\n","protected":false},"excerpt":{"rendered":"<p>PIA Pontis Institutional Advisors GmbH Erika-Mann-Stra\u00dfe 7 80636 M\u00fcnchen Telefon:\u00a0+49 89 122 2389 60 Telefax:\u00a0+49 89 122 2389 69 Internet: www.pia-pontis.com Sitz und Registergericht: M\u00fcnchen HRB-Nr.: HRB 216340 UST-IdNr.: DE 299089119 Gesch\u00e4ftsf\u00fchrer: David R\u00fcckel Erlaubnis nach \u00a734f Abs. 1, S. 1, Nr. 1, Nr. 2 und Nr. 3\u00a0Gewerbeordnung (GewO), \u00a734c Gewerbeordnung (GewO) Aufsichtsbeh\u00f6rde: Industrie- und [&hellip;]<\/p>\n","protected":false},"author":1,"featured_media":0,"parent":0,"menu_order":0,"comment_status":"closed","ping_status":"closed","template":"","meta":{"_acf_changed":false,"footnotes":""},"class_list":["post-33","page","type-page","status-publish","hentry"],"acf":[],"yoast_head":"<!-- This site is optimized with the Yoast SEO plugin v27.3 - https:\/\/yoast.com\/product\/yoast-seo-wordpress\/ -->\n<title>Imprint<\/title>\n<meta name=\"robots\" content=\"index, follow, max-snippet:-1, max-image-preview:large, max-video-preview:-1\" \/>\n<link rel=\"canonical\" href=\"https:\/\/pia-pontis.com\/de\/imprint\/\" \/>\n<meta property=\"og:locale\" content=\"de_DE\" \/>\n<meta property=\"og:locale:alternate\" content=\"en_US\" \/>\n<meta property=\"og:type\" content=\"article\" \/>\n<meta property=\"og:title\" content=\"Imprint\" \/>\n<meta property=\"og:description\" content=\"PIA Pontis Institutional Advisors GmbH Erika-Mann-Stra\u00dfe 7 80636 M\u00fcnchen Telefon:\u00a0+49 89 122 2389 60 Telefax:\u00a0+49 89 122 2389 69 Internet: www.pia-pontis.com Sitz und Registergericht: M\u00fcnchen HRB-Nr.: HRB 216340 UST-IdNr.: DE 299089119 Gesch\u00e4ftsf\u00fchrer: David R\u00fcckel Erlaubnis nach \u00a734f Abs. 1, S. 1, Nr. 1, Nr. 2 und Nr. 3\u00a0Gewerbeordnung (GewO), \u00a734c Gewerbeordnung (GewO) Aufsichtsbeh\u00f6rde: Industrie- und [&hellip;]\" \/>\n<meta property=\"og:url\" content=\"https:\/\/pia-pontis.com\/de\/imprint\/\" \/>\n<meta property=\"og:site_name\" content=\"PIA Pontis\" \/>\n<meta property=\"article:modified_time\" content=\"2025-10-10T11:18:15+00:00\" \/>\n<meta name=\"twitter:card\" content=\"summary_large_image\" \/>\n<meta name=\"twitter:label1\" content=\"Gesch\u00e4tzte Lesezeit\" \/>\n\t<meta name=\"twitter:data1\" content=\"2\u00a0Minuten\" \/>\n<script type=\"application\/ld+json\" class=\"yoast-schema-graph\">{\"@context\":\"https:\\\/\\\/schema.org\",\"@graph\":[{\"@type\":\"WebPage\",\"@id\":\"https:\\\/\\\/pia-pontis.com\\\/imprint\\\/\",\"url\":\"https:\\\/\\\/pia-pontis.com\\\/imprint\\\/\",\"name\":\"Imprint\",\"isPartOf\":{\"@id\":\"https:\\\/\\\/pia-pontis.com\\\/#website\"},\"datePublished\":\"2021-07-20T08:57:24+00:00\",\"dateModified\":\"2025-10-10T11:18:15+00:00\",\"breadcrumb\":{\"@id\":\"https:\\\/\\\/pia-pontis.com\\\/imprint\\\/#breadcrumb\"},\"inLanguage\":\"de-DE\",\"potentialAction\":[{\"@type\":\"ReadAction\",\"target\":[\"https:\\\/\\\/pia-pontis.com\\\/imprint\\\/\"]}]},{\"@type\":\"BreadcrumbList\",\"@id\":\"https:\\\/\\\/pia-pontis.com\\\/imprint\\\/#breadcrumb\",\"itemListElement\":[{\"@type\":\"ListItem\",\"position\":1,\"name\":\"Home\",\"item\":\"https:\\\/\\\/pia-pontis.com\\\/de\\\/\"},{\"@type\":\"ListItem\",\"position\":2,\"name\":\"Imprint\"}]},{\"@type\":\"WebSite\",\"@id\":\"https:\\\/\\\/pia-pontis.com\\\/#website\",\"url\":\"https:\\\/\\\/pia-pontis.com\\\/\",\"name\":\"PIA Pontis\",\"description\":\"Placement Advisor for real estate and infrastructure managers\",\"potentialAction\":[{\"@type\":\"SearchAction\",\"target\":{\"@type\":\"EntryPoint\",\"urlTemplate\":\"https:\\\/\\\/pia-pontis.com\\\/?s={search_term_string}\"},\"query-input\":{\"@type\":\"PropertyValueSpecification\",\"valueRequired\":true,\"valueName\":\"search_term_string\"}}],\"inLanguage\":\"de-DE\"}]}<\/script>\n<!-- \/ Yoast SEO plugin. -->","yoast_head_json":{"title":"Imprint","robots":{"index":"index","follow":"follow","max-snippet":"max-snippet:-1","max-image-preview":"max-image-preview:large","max-video-preview":"max-video-preview:-1"},"canonical":"https:\/\/pia-pontis.com\/de\/imprint\/","og_locale":"de_DE","og_type":"article","og_title":"[:en]Imprint[:de]Imprint[:] - PIA Pontis","og_description":"PIA Pontis Institutional Advisors GmbH Erika-Mann-Stra\u00dfe 7 80636 M\u00fcnchen Telefon:\u00a0+49 89 122 2389 60 Telefax:\u00a0+49 89 122 2389 69 Internet: www.pia-pontis.com Sitz und Registergericht: M\u00fcnchen HRB-Nr.: HRB 216340 UST-IdNr.: DE 299089119 Gesch\u00e4ftsf\u00fchrer: David R\u00fcckel Erlaubnis nach \u00a734f Abs. 1, S. 1, Nr. 1, Nr. 2 und Nr. 3\u00a0Gewerbeordnung (GewO), \u00a734c Gewerbeordnung (GewO) Aufsichtsbeh\u00f6rde: Industrie- und [&hellip;]","og_url":"https:\/\/pia-pontis.com\/de\/imprint\/","og_site_name":"PIA Pontis","article_modified_time":"2025-10-10T11:18:15+00:00","twitter_card":"summary_large_image","twitter_misc":{"Gesch\u00e4tzte Lesezeit":"2\u00a0Minuten"},"schema":{"@context":"https:\/\/schema.org","@graph":[{"@type":"WebPage","@id":"https:\/\/pia-pontis.com\/imprint\/","url":"https:\/\/pia-pontis.com\/imprint\/","name":"Imprint","isPartOf":{"@id":"https:\/\/pia-pontis.com\/#website"},"datePublished":"2021-07-20T08:57:24+00:00","dateModified":"2025-10-10T11:18:15+00:00","breadcrumb":{"@id":"https:\/\/pia-pontis.com\/imprint\/#breadcrumb"},"inLanguage":"de-DE","potentialAction":[{"@type":"ReadAction","target":["https:\/\/pia-pontis.com\/imprint\/"]}]},{"@type":"BreadcrumbList","@id":"https:\/\/pia-pontis.com\/imprint\/#breadcrumb","itemListElement":[{"@type":"ListItem","position":1,"name":"Home","item":"https:\/\/pia-pontis.com\/de\/"},{"@type":"ListItem","position":2,"name":"Imprint"}]},{"@type":"WebSite","@id":"https:\/\/pia-pontis.com\/#website","url":"https:\/\/pia-pontis.com\/","name":"PIA Pontis","description":"Placement Advisor for real estate and infrastructure managers","potentialAction":[{"@type":"SearchAction","target":{"@type":"EntryPoint","urlTemplate":"https:\/\/pia-pontis.com\/?s={search_term_string}"},"query-input":{"@type":"PropertyValueSpecification","valueRequired":true,"valueName":"search_term_string"}}],"inLanguage":"de-DE"}]}},"_links":{"self":[{"href":"https:\/\/pia-pontis.com\/de\/wp-json\/wp\/v2\/pages\/33","targetHints":{"allow":["GET"]}}],"collection":[{"href":"https:\/\/pia-pontis.com\/de\/wp-json\/wp\/v2\/pages"}],"about":[{"href":"https:\/\/pia-pontis.com\/de\/wp-json\/wp\/v2\/types\/page"}],"author":[{"embeddable":true,"href":"https:\/\/pia-pontis.com\/de\/wp-json\/wp\/v2\/users\/1"}],"replies":[{"embeddable":true,"href":"https:\/\/pia-pontis.com\/de\/wp-json\/wp\/v2\/comments?post=33"}],"version-history":[{"count":15,"href":"https:\/\/pia-pontis.com\/de\/wp-json\/wp\/v2\/pages\/33\/revisions"}],"predecessor-version":[{"id":675,"href":"https:\/\/pia-pontis.com\/de\/wp-json\/wp\/v2\/pages\/33\/revisions\/675"}],"wp:attachment":[{"href":"https:\/\/pia-pontis.com\/de\/wp-json\/wp\/v2\/media?parent=33"}],"curies":[{"name":"wp","href":"https:\/\/api.w.org\/{rel}","templated":true}]}}